{"id":6030,"date":"2024-05-17T11:57:08","date_gmt":"2024-05-17T10:57:08","guid":{"rendered":"https:\/\/intlaw.eu\/sergio-villanova\/"},"modified":"2026-03-25T06:58:38","modified_gmt":"2026-03-25T05:58:38","slug":"sergio-villanova","status":"publish","type":"page","link":"https:\/\/intlaw.eu\/ro\/sergio-villanova\/","title":{"rendered":"Sergio Villanova"},"content":{"rendered":"[vc_row type=&#8221;in_container&#8221; full_screen_row_position=&#8221;middle&#8221; column_margin=&#8221;default&#8221; column_direction=&#8221;default&#8221; column_direction_tablet=&#8221;default&#8221; column_direction_phone=&#8221;default&#8221; scene_position=&#8221;center&#8221; text_color=&#8221;dark&#8221; text_align=&#8221;left&#8221; row_border_radius=&#8221;none&#8221; row_border_radius_applies=&#8221;bg&#8221; overflow=&#8221;visible&#8221; overlay_strength=&#8221;0.3&#8243; gradient_direction=&#8221;left_to_right&#8221; shape_divider_position=&#8221;bottom&#8221; bg_image_animation=&#8221;none&#8221; shape_type=&#8221;&#8221;][vc_column column_padding=&#8221;no-extra-padding&#8221; column_padding_tablet=&#8221;inherit&#8221; column_padding_phone=&#8221;inherit&#8221; column_padding_position=&#8221;all&#8221; column_element_spacing=&#8221;default&#8221; background_color_opacity=&#8221;1&#8243; background_hover_color_opacity=&#8221;1&#8243; column_shadow=&#8221;none&#8221; column_border_radius=&#8221;none&#8221; column_link_target=&#8221;_self&#8221; column_position=&#8221;default&#8221; gradient_direction=&#8221;left_to_right&#8221; overlay_strength=&#8221;0.3&#8243; width=&#8221;1\/1&#8243; tablet_width_inherit=&#8221;default&#8221; tablet_text_alignment=&#8221;default&#8221; phone_text_alignment=&#8221;default&#8221; animation_type=&#8221;default&#8221; bg_image_animation=&#8221;none&#8221; border_type=&#8221;simple&#8221; column_border_width=&#8221;none&#8221; column_border_style=&#8221;solid&#8221;][vc_custom_heading text=&#8221;SERGIO VILLANOVA ERRANDO (Avocat)&#8221; font_container=&#8221;tag:h4|text_align:left|color:%231f360f&#8221; use_theme_fonts=&#8221;yes&#8221;][divider line_type=&#8221;Small Line&#8221; line_alignment=&#8221;default&#8221; line_thickness=&#8221;2&#8243; divider_color=&#8221;accent-color&#8221; animate=&#8221;yes&#8221; custom_line_width=&#8221;60&#8243;][\/vc_column][\/vc_row][vc_row type=&#8221;full_width_background&#8221; full_screen_row_position=&#8221;middle&#8221; column_margin=&#8221;50px&#8221; column_direction=&#8221;default&#8221; column_direction_tablet=&#8221;default&#8221; column_direction_phone=&#8221;default&#8221; scene_position=&#8221;center&#8221; top_padding=&#8221;0&#8243; bottom_padding=&#8221;5%&#8221; text_color=&#8221;dark&#8221; text_align=&#8221;left&#8221; row_border_radius=&#8221;none&#8221; row_border_radius_applies=&#8221;bg&#8221; overflow=&#8221;visible&#8221; id=&#8221;about&#8221; overlay_strength=&#8221;0.3&#8243; gradient_direction=&#8221;left_to_right&#8221; shape_divider_position=&#8221;bottom&#8221; bg_image_animation=&#8221;none&#8221; shape_type=&#8221;&#8221;][vc_column column_padding=&#8221;no-extra-padding&#8221; column_padding_tablet=&#8221;inherit&#8221; column_padding_phone=&#8221;inherit&#8221; column_padding_position=&#8221;all&#8221; column_element_spacing=&#8221;default&#8221; background_color_opacity=&#8221;1&#8243; background_hover_color_opacity=&#8221;1&#8243; column_shadow=&#8221;none&#8221; column_border_radius=&#8221;none&#8221; column_link_target=&#8221;_self&#8221; column_position=&#8221;default&#8221; boxed=&#8221;true&#8221; gradient_direction=&#8221;left_to_right&#8221; overlay_strength=&#8221;0.3&#8243; width=&#8221;2\/5&#8243; tablet_width_inherit=&#8221;default&#8221; tablet_text_alignment=&#8221;default&#8221; phone_text_alignment=&#8221;default&#8221; animation_type=&#8221;default&#8221; bg_image_animation=&#8221;none&#8221; border_type=&#8221;simple&#8221; column_border_width=&#8221;none&#8221; column_border_style=&#8221;solid&#8221;][image_with_animation image_url=&#8221;3937&#8243; image_size=&#8221;full&#8221; animation_type=&#8221;entrance&#8221; animation=&#8221;Fade In&#8221; hover_animation=&#8221;none&#8221; alignment=&#8221;&#8221; border_radius=&#8221;none&#8221; box_shadow=&#8221;none&#8221; image_loading=&#8221;default&#8221; max_width=&#8221;100%&#8221; max_width_mobile=&#8221;default&#8221;][split_line_heading animation_type=&#8221;line-reveal-by-space&#8221; font_style=&#8221;h5&#8243; text_color=&#8221;#0a0a0a&#8221; line_reveal_by_space_text_effect=&#8221;default&#8221; content_alignment=&#8221;default&#8221; mobile_content_alignment=&#8221;inherit&#8221; link_target=&#8221;_self&#8221; text_content=&#8221;SERGIO VILLANOVA ERRANDO&#8221; max_width=&#8221;450&#8243;][\/split_line_heading][vc_column_text css=&#8221;.vc_custom_1715942878591{padding-top: 0px !important;}&#8221;]Mail: sv@intlaw.eu<br \/>Telefon: +34 931 125 423<br \/><a href=\"https:\/\/www.linkedin.com\/in\/sergio-villanova-errando-2b1688151\/?original_referer=https%3A%2F%2Fwww%2Egoogle%2Ecom%2F&amp;originalSubdomain=es\" rel=\"nofollow noopener\" target=\"_blank\">Al\u0103tura\u021bi-v\u0103 re\u021belei mele LinkedIn<\/a>[\/vc_column_text][vc_column_text]\n<h5>Birouri:<\/h5>\n<p>Spanish; French<\/p>\n<h5>Arii De Practica:<\/h5>\n<p>Litigation, Criminal Law, White Collar Crime, Criminal Compliance, Civil Law, Tort Law, Arbitration<\/p>\n<h5>Limbi:<\/h5>\n<p>spaniol\u0103, catalan\u0103, francez\u0103, englez\u0103<\/p>\n<h5>Admitere:<\/h5>\n<p>Toate Instan\u021bele Spaniole[\/vc_column_text][\/vc_column][vc_column column_padding=&#8221;padding-2-percent&#8221; column_padding_tablet=&#8221;inherit&#8221; column_padding_phone=&#8221;inherit&#8221; column_padding_position=&#8221;left-right&#8221; column_element_spacing=&#8221;default&#8221; background_color_opacity=&#8221;1&#8243; background_hover_color_opacity=&#8221;1&#8243; column_shadow=&#8221;none&#8221; column_border_radius=&#8221;none&#8221; column_link_target=&#8221;_self&#8221; column_position=&#8221;default&#8221; gradient_direction=&#8221;left_to_right&#8221; overlay_strength=&#8221;0.3&#8243; width=&#8221;3\/5&#8243; tablet_width_inherit=&#8221;default&#8221; tablet_text_alignment=&#8221;default&#8221; phone_text_alignment=&#8221;default&#8221; animation_type=&#8221;default&#8221; bg_image_animation=&#8221;none&#8221; border_type=&#8221;simple&#8221; column_border_width=&#8221;none&#8221; column_border_style=&#8221;solid&#8221;][vc_row_inner column_margin=&#8221;default&#8221; column_direction=&#8221;default&#8221; column_direction_tablet=&#8221;default&#8221; column_direction_phone=&#8221;default&#8221; text_align=&#8221;left&#8221; row_position=&#8221;default&#8221; row_position_tablet=&#8221;inherit&#8221; row_position_phone=&#8221;inherit&#8221; overflow=&#8221;visible&#8221; pointer_events=&#8221;all&#8221;][vc_column_inner column_padding=&#8221;padding-2-percent&#8221; column_padding_tablet=&#8221;inherit&#8221; column_padding_phone=&#8221;inherit&#8221; column_padding_position=&#8221;top&#8221; column_element_spacing=&#8221;default&#8221; background_color_opacity=&#8221;1&#8243; background_hover_color_opacity=&#8221;1&#8243; column_shadow=&#8221;none&#8221; column_border_radius=&#8221;none&#8221; column_link_target=&#8221;_self&#8221; gradient_direction=&#8221;left_to_right&#8221; overlay_strength=&#8221;0.3&#8243; width=&#8221;1\/1&#8243; tablet_width_inherit=&#8221;default&#8221; animation_type=&#8221;default&#8221; enable_animation=&#8221;true&#8221; animation=&#8221;fade-in-from-bottom&#8221; bg_image_animation=&#8221;none&#8221; border_type=&#8221;simple&#8221; column_border_width=&#8221;none&#8221; column_border_style=&#8221;solid&#8221;][vc_column_text max_width=&#8221;800&#8243;]Sergio Villanova Errando is a lawyer specialized in Procedural Law and Arbitration with an extensive experience in appearing before Civil and Criminal Courts and Tribunals in different kinds of proceedings.<\/p>\n<p>As a result of his studies abroad, he is in charge of advising and assisting international clients both in English and French on various matters ranging from general legal advice to specific legal assistance in the Civil and Criminal jurisdiction, as well as in arbitration proceedings, nationally and internationally.<\/p>\n<p>Due to his international vocation, business connections and fluidity in French, he has been appointed immediately after his incorporation as Director of the French Desk of the Firm.<\/p>\n<p>Among others, Sergio is highly qualified in managing the legal direction of very diverse proceedings in matters of:<\/p>\n<ul>\n<li>Contractual and non-contractual liability;<\/li>\n<li>Validity, interpretation, termination and resolution of contracts;<\/li>\n<li>Corporate conflicts;<\/li>\n<li>Execution of judicial and extrajudicial titles;<\/li>\n<li>Pure Criminal Law;<\/li>\n<li>Economic Criminal Law (White Collar Crime);<\/li>\n<li>Arbitration.<\/li>\n<\/ul>\n<p>\u00cen plus, el asist\u0103 \u00een procedurile de arbitraj \u00een fa\u021ba ICC (Camera Interna\u021bional\u0103 de Comer\u021b), datorit\u0103 expertizei sale \u00een mai multe jurisdic\u021bii \u0219i reguli procedurale \u0219i fluidit\u0103\u021bii sale at\u00e2t \u00een englez\u0103, c\u00e2t \u0219i \u00een francez\u0103<\/p>\n<p>\u00cen cele din urm\u0103, este profesor asociat \u00een cadrul programului de licen\u021b\u0103 \u00een drept la Esade Law School.<\/p>\n<h5>QUALIFICATIONS AND PROFESSIONAL ASSOCIATIONS<\/h5>\n<ul>\n<li>Barcelona Bar Association \u2013 ICAB (Ilustre Colegio de la Abogac\u00eda de Barcelona).<\/li>\n<\/ul>\n<h5>EDUCA\u021aIE<\/h5>\n<ul>\n<li>Law Degree, Pompeu Fabra University.<\/li>\n<li>Exchange program with the University of Geneva, Switzerland.<\/li>\n<li>Master&#8217;s Degree in Law, Pompeu Fabra University.<\/li>\n<\/ul>\n[\/vc_column_text][\/vc_column_inner][\/vc_row_inner][\/vc_column][\/vc_row]\n","protected":false},"excerpt":{"rendered":"<p>[vc_row type=&#8221;in_container&#8221; full_screen_row_position=&#8221;middle&#8221; column_margin=&#8221;default&#8221; column_direction=&#8221;default&#8221; column_direction_tablet=&#8221;default&#8221; column_direction_phone=&#8221;default&#8221; scene_position=&#8221;center&#8221; text_color=&#8221;dark&#8221; text_align=&#8221;left&#8221; row_border_radius=&#8221;none&#8221; row_border_radius_applies=&#8221;bg&#8221; overflow=&#8221;visible&#8221; overlay_strength=&#8221;0.3&#8243; gradient_direction=&#8221;left_to_right&#8221; shape_divider_position=&#8221;bottom&#8221; bg_image_animation=&#8221;none&#8221; shape_type=&#8221;&#8221;][vc_column column_padding=&#8221;no-extra-padding&#8221; column_padding_tablet=&#8221;inherit&#8221; column_padding_phone=&#8221;inherit&#8221; column_padding_position=&#8221;all&#8221; column_element_spacing=&#8221;default&#8221; background_color_opacity=&#8221;1&#8243; background_hover_color_opacity=&#8221;1&#8243; column_shadow=&#8221;none&#8221; column_border_radius=&#8221;none&#8221; column_link_target=&#8221;_self&#8221; column_position=&#8221;default&#8221; gradient_direction=&#8221;left_to_right&#8221;&#8230;<\/p>\n","protected":false},"author":5,"featured_media":0,"parent":0,"menu_order":0,"comment_status":"closed","ping_status":"closed","template":"","meta":{"footnotes":""},"class_list":["post-6030","page","type-page","status-publish"],"_links":{"self":[{"href":"https:\/\/intlaw.eu\/ro\/wp-json\/wp\/v2\/pages\/6030","targetHints":{"allow":["GET"]}}],"collection":[{"href":"https:\/\/intlaw.eu\/ro\/wp-json\/wp\/v2\/pages"}],"about":[{"href":"https:\/\/intlaw.eu\/ro\/wp-json\/wp\/v2\/types\/page"}],"author":[{"embeddable":true,"href":"https:\/\/intlaw.eu\/ro\/wp-json\/wp\/v2\/users\/5"}],"replies":[{"embeddable":true,"href":"https:\/\/intlaw.eu\/ro\/wp-json\/wp\/v2\/comments?post=6030"}],"version-history":[{"count":2,"href":"https:\/\/intlaw.eu\/ro\/wp-json\/wp\/v2\/pages\/6030\/revisions"}],"predecessor-version":[{"id":6032,"href":"https:\/\/intlaw.eu\/ro\/wp-json\/wp\/v2\/pages\/6030\/revisions\/6032"}],"wp:attachment":[{"href":"https:\/\/intlaw.eu\/ro\/wp-json\/wp\/v2\/media?parent=6030"}],"curies":[{"name":"wp","href":"https:\/\/api.w.org\/{rel}","templated":true}]}}