{"id":6021,"date":"2020-09-22T19:45:50","date_gmt":"2020-09-22T18:45:50","guid":{"rendered":"https:\/\/intlaw.eu\/riccardo-ciullo\/"},"modified":"2026-03-25T06:54:13","modified_gmt":"2026-03-25T05:54:13","slug":"riccardo-ciullo","status":"publish","type":"page","link":"https:\/\/intlaw.eu\/ro\/riccardo-ciullo\/","title":{"rendered":"Riccardo Ciullo"},"content":{"rendered":"[vc_row type=&#8221;in_container&#8221; full_screen_row_position=&#8221;middle&#8221; column_margin=&#8221;default&#8221; column_direction=&#8221;default&#8221; column_direction_tablet=&#8221;default&#8221; column_direction_phone=&#8221;default&#8221; scene_position=&#8221;center&#8221; text_color=&#8221;dark&#8221; text_align=&#8221;left&#8221; row_border_radius=&#8221;none&#8221; row_border_radius_applies=&#8221;bg&#8221; overflow=&#8221;visible&#8221; overlay_strength=&#8221;0.3&#8243; gradient_direction=&#8221;left_to_right&#8221; shape_divider_position=&#8221;bottom&#8221; bg_image_animation=&#8221;none&#8221; shape_type=&#8221;&#8221;][vc_column column_padding=&#8221;no-extra-padding&#8221; column_padding_tablet=&#8221;inherit&#8221; column_padding_phone=&#8221;inherit&#8221; column_padding_position=&#8221;all&#8221; column_element_spacing=&#8221;default&#8221; background_color_opacity=&#8221;1&#8243; background_hover_color_opacity=&#8221;1&#8243; column_shadow=&#8221;none&#8221; column_border_radius=&#8221;none&#8221; column_link_target=&#8221;_self&#8221; column_position=&#8221;default&#8221; gradient_direction=&#8221;left_to_right&#8221; overlay_strength=&#8221;0.3&#8243; width=&#8221;1\/1&#8243; tablet_width_inherit=&#8221;default&#8221; tablet_text_alignment=&#8221;default&#8221; phone_text_alignment=&#8221;default&#8221; animation_type=&#8221;default&#8221; bg_image_animation=&#8221;none&#8221; border_type=&#8221;simple&#8221; column_border_width=&#8221;none&#8221; column_border_style=&#8221;solid&#8221;][vc_custom_heading text=&#8221;RICCARDO CIULLO (jurist)&#8221; font_container=&#8221;tag:h4|text_align:left|color:%231f360f&#8221; use_theme_fonts=&#8221;yes&#8221;][divider line_type=&#8221;Small Line&#8221; line_alignment=&#8221;default&#8221; line_thickness=&#8221;2&#8243; divider_color=&#8221;accent-color&#8221; animate=&#8221;yes&#8221; custom_line_width=&#8221;60&#8243;][\/vc_column][\/vc_row][vc_row type=&#8221;full_width_background&#8221; full_screen_row_position=&#8221;middle&#8221; column_margin=&#8221;50px&#8221; column_direction=&#8221;default&#8221; column_direction_tablet=&#8221;default&#8221; column_direction_phone=&#8221;default&#8221; scene_position=&#8221;center&#8221; top_padding=&#8221;0&#8243; bottom_padding=&#8221;5%&#8221; text_color=&#8221;dark&#8221; text_align=&#8221;left&#8221; row_border_radius=&#8221;none&#8221; row_border_radius_applies=&#8221;bg&#8221; overflow=&#8221;visible&#8221; id=&#8221;about&#8221; overlay_strength=&#8221;0.3&#8243; gradient_direction=&#8221;left_to_right&#8221; shape_divider_position=&#8221;bottom&#8221; bg_image_animation=&#8221;none&#8221; shape_type=&#8221;&#8221;][vc_column column_padding=&#8221;no-extra-padding&#8221; column_padding_tablet=&#8221;inherit&#8221; column_padding_phone=&#8221;inherit&#8221; column_padding_position=&#8221;all&#8221; column_element_spacing=&#8221;default&#8221; background_color_opacity=&#8221;1&#8243; background_hover_color_opacity=&#8221;1&#8243; column_shadow=&#8221;none&#8221; column_border_radius=&#8221;none&#8221; column_link_target=&#8221;_self&#8221; column_position=&#8221;default&#8221; boxed=&#8221;true&#8221; gradient_direction=&#8221;left_to_right&#8221; overlay_strength=&#8221;0.3&#8243; width=&#8221;2\/5&#8243; tablet_width_inherit=&#8221;default&#8221; tablet_text_alignment=&#8221;default&#8221; phone_text_alignment=&#8221;default&#8221; animation_type=&#8221;default&#8221; bg_image_animation=&#8221;none&#8221; border_type=&#8221;simple&#8221; column_border_width=&#8221;none&#8221; column_border_style=&#8221;solid&#8221;][image_with_animation image_url=&#8221;3936&#8243; image_size=&#8221;full&#8221; animation_type=&#8221;entrance&#8221; animation=&#8221;Fade In&#8221; hover_animation=&#8221;none&#8221; alignment=&#8221;&#8221; border_radius=&#8221;none&#8221; box_shadow=&#8221;none&#8221; image_loading=&#8221;default&#8221; max_width=&#8221;100%&#8221; max_width_mobile=&#8221;default&#8221;][split_line_heading animation_type=&#8221;line-reveal-by-space&#8221; font_style=&#8221;h5&#8243; text_color=&#8221;#0a0a0a&#8221; line_reveal_by_space_text_effect=&#8221;default&#8221; content_alignment=&#8221;default&#8221; mobile_content_alignment=&#8221;inherit&#8221; link_target=&#8221;_self&#8221; text_content=&#8221;RICCARDO CIULLO (PARTENER)&#8221; max_width=&#8221;450&#8243;][\/split_line_heading][vc_column_text css=&#8221;.vc_custom_1604351429798{padding-top: 0px !important;}&#8221;]Mail: rc@intlaw.eu<br \/>Telefon: +34 931 125 423<br \/><a href=\"https:\/\/www.linkedin.com\/in\/euipolawyer\/\" rel=\"nofollow noopener\" target=\"_blank\">Al\u0103tura\u021bi-v\u0103 re\u021belei mele LinkedIn<\/a>[\/vc_column_text][vc_column_text]\n<h5>Birouri:<\/h5>\n<p>Spania; <a href=\"\/ro\/italy\/\">Italian\u0103 Birou<\/a><\/p>\n<h5>Arii De Practica:<\/h5>\n<p><a href=\"\/ro\/international-ip-it-legii\/\">Dreptul propriet\u0103\u021bii intelectuale<\/a>, <a href=\"\/ro\/international-ip-it-legii\/\">Dreptul propriet\u0103\u021bii industriale<\/a>, <a href=\"\/ro\/international-ip-it-legii\/\">Software<\/a>, <a href=\"\/ro\/international-ip-it-legii\/\">Dreptul tehnologiei informa\u021biei (IT) \u0219i e-Business,<\/a> <a href=\"\/ro\/protectia-datelor\/\">Protec\u021bia datelor cu caracter personal<\/a><\/p>\n<h5>Limbi:<\/h5>\n<p>Spaniol\u0103, italian\u0103, englez\u0103, catalan\u0103<\/p>\n<h5>Admitere:<\/h5>\n<p>Toate instan\u021bele spaniole, Toate instan\u021bele italiene[\/vc_column_text][\/vc_column][vc_column column_padding=&#8221;padding-2-percent&#8221; column_padding_tablet=&#8221;inherit&#8221; column_padding_phone=&#8221;inherit&#8221; column_padding_position=&#8221;left-right&#8221; column_element_spacing=&#8221;default&#8221; background_color_opacity=&#8221;1&#8243; background_hover_color_opacity=&#8221;1&#8243; column_shadow=&#8221;none&#8221; column_border_radius=&#8221;none&#8221; column_link_target=&#8221;_self&#8221; column_position=&#8221;default&#8221; gradient_direction=&#8221;left_to_right&#8221; overlay_strength=&#8221;0.3&#8243; width=&#8221;3\/5&#8243; tablet_width_inherit=&#8221;default&#8221; tablet_text_alignment=&#8221;default&#8221; phone_text_alignment=&#8221;default&#8221; animation_type=&#8221;default&#8221; bg_image_animation=&#8221;none&#8221; border_type=&#8221;simple&#8221; column_border_width=&#8221;none&#8221; column_border_style=&#8221;solid&#8221;][vc_row_inner column_margin=&#8221;default&#8221; column_direction=&#8221;default&#8221; column_direction_tablet=&#8221;default&#8221; column_direction_phone=&#8221;default&#8221; text_align=&#8221;left&#8221; row_position=&#8221;default&#8221; row_position_tablet=&#8221;inherit&#8221; row_position_phone=&#8221;inherit&#8221; overflow=&#8221;visible&#8221; pointer_events=&#8221;all&#8221;][vc_column_inner column_padding=&#8221;padding-2-percent&#8221; column_padding_tablet=&#8221;inherit&#8221; column_padding_phone=&#8221;inherit&#8221; column_padding_position=&#8221;top&#8221; column_element_spacing=&#8221;default&#8221; background_color_opacity=&#8221;1&#8243; background_hover_color_opacity=&#8221;1&#8243; column_shadow=&#8221;none&#8221; column_border_radius=&#8221;none&#8221; column_link_target=&#8221;_self&#8221; gradient_direction=&#8221;left_to_right&#8221; overlay_strength=&#8221;0.3&#8243; width=&#8221;1\/1&#8243; tablet_width_inherit=&#8221;default&#8221; animation_type=&#8221;default&#8221; enable_animation=&#8221;true&#8221; animation=&#8221;fade-in-from-bottom&#8221; bg_image_animation=&#8221;none&#8221; border_type=&#8221;simple&#8221; column_border_width=&#8221;none&#8221; column_border_style=&#8221;solid&#8221;][vc_column_text max_width=&#8221;800&#8243;]Riccardo Ciullo este partener la Intlaw \u0219i director al departamentului IP\/IT. Are aproape 15 ani de experien\u021b\u0103 \u00een domeniul dreptului european al m\u0103rcilor \u0219i al designului, dob\u00e2ndit\u0103 \u00een timpul activit\u0103\u021bii sale la dou\u0103 dintre cele mai respectate firme de avocatur\u0103 din domeniul propriet\u0103\u021bii intelectuale din lume. <\/p>\n<p>After completing his Law Degree in Italy and his Master\u2019s Degree in Alicante, the heart of the IP world in Europe, Mr. Ciullo interned in New York, developing a strong interest in United States IP legal structure. He developed the framework for the legal department for an investigation services firm based in Manhattan, that serves the financial, corporate and legal communities worldwide. <\/p>\n<p>In the fall of 2005, he returned to Italy to practice law before being selected by the Italian Ministry of Foreign Affairs to work as an IP consultant in Geneva at the Italian Mission to the United Nations and WTO. During this three-month project, he attended WIPO and WTO international negotiations representing Italy while reporting to the Italian delegate for IP matters. As a result of this specialist knowledge gained whilst developing the regulatory framework for international IP Law, Mr. Ciullo is a great asset to his clients.  <\/p>\n<p>He followed up his experience in Geneva by pursuing continuing professional education at the internationally esteemed University of Alicante, obtaining a LLM in Intellectual Property and Information Society. Upon completion of his LLM, Mr. Ciullo joined Hogan Lovells Alicante in 2007 as an EU Trademark practitioner. In 2008, Baker &amp; McKenzie recruited him to join their office in Barcelona to co-chair the IP Prosecution department.  <\/p>\n<p>He is member of the Non-Traditional Trademark committee of the International Trademark Association (INTA), member of the Executive Licensing Society (LES), Barcelona Bar Association, Professor of the Master in Executive Compliance organized by the ISDE and President of the Fordham School of Law ex-alumni Spanish Chapter.<\/p>\n<p>Mr. Ciullo\u2019s leadership stems from a deep understanding of the proper ways in which to run a strong Intellectual Property practice whilst allowing for a personalized and more cost-effective alternative to a large international firm. His knowledge is highly unique and specialized with a distinct focus on community trademarks and designs. His wide international experience allows him to provide a multicultural approach to IP Law as he offers advice to international companies seeking European Trademark &amp; Design legal services as well as expert support for technology based start-ups.  <\/p>\n<h5>QUALIFICATIONS AND PROFESSIONAL ASSOCIATIONS<\/h5>\n<ul>\n<li>Barcelona Bar Association \u2013 ICAB (Ilustre Colegio de la Abogac\u00eda de Barcelona).<\/li>\n<\/ul>\n<h5>EDUCA\u021aIE<\/h5>\n<ul>\n<li>Law Degree, University of Naples Federico II.<\/li>\n<li>Law Degree, University of Castilla-La Mancha.<\/li>\n<li>Master&#8217;s Degree in Intellectual Property and Information Society, University of Alicante.<\/li>\n<li>Intensive Program in Fashion Law, Fordham University School of Law.<\/li>\n<li>Program in Digital Law and Contracts, IE University.<\/li>\n<\/ul>\n[\/vc_column_text][\/vc_column_inner][\/vc_row_inner][\/vc_column][\/vc_row]\n","protected":false},"excerpt":{"rendered":"<p>[vc_row type=&#8221;in_container&#8221; full_screen_row_position=&#8221;middle&#8221; column_margin=&#8221;default&#8221; column_direction=&#8221;default&#8221; column_direction_tablet=&#8221;default&#8221; column_direction_phone=&#8221;default&#8221; scene_position=&#8221;center&#8221; text_color=&#8221;dark&#8221; text_align=&#8221;left&#8221; row_border_radius=&#8221;none&#8221; row_border_radius_applies=&#8221;bg&#8221; overflow=&#8221;visible&#8221; overlay_strength=&#8221;0.3&#8243; gradient_direction=&#8221;left_to_right&#8221; shape_divider_position=&#8221;bottom&#8221; bg_image_animation=&#8221;none&#8221; shape_type=&#8221;&#8221;][vc_column column_padding=&#8221;no-extra-padding&#8221; column_padding_tablet=&#8221;inherit&#8221; column_padding_phone=&#8221;inherit&#8221; column_padding_position=&#8221;all&#8221; column_element_spacing=&#8221;default&#8221; background_color_opacity=&#8221;1&#8243; background_hover_color_opacity=&#8221;1&#8243; column_shadow=&#8221;none&#8221; column_border_radius=&#8221;none&#8221; column_link_target=&#8221;_self&#8221; column_position=&#8221;default&#8221; gradient_direction=&#8221;left_to_right&#8221;&#8230;<\/p>\n","protected":false},"author":1,"featured_media":0,"parent":0,"menu_order":0,"comment_status":"closed","ping_status":"closed","template":"","meta":{"footnotes":""},"class_list":["post-6021","page","type-page","status-publish"],"_links":{"self":[{"href":"https:\/\/intlaw.eu\/ro\/wp-json\/wp\/v2\/pages\/6021","targetHints":{"allow":["GET"]}}],"collection":[{"href":"https:\/\/intlaw.eu\/ro\/wp-json\/wp\/v2\/pages"}],"about":[{"href":"https:\/\/intlaw.eu\/ro\/wp-json\/wp\/v2\/types\/page"}],"author":[{"embeddable":true,"href":"https:\/\/intlaw.eu\/ro\/wp-json\/wp\/v2\/users\/1"}],"replies":[{"embeddable":true,"href":"https:\/\/intlaw.eu\/ro\/wp-json\/wp\/v2\/comments?post=6021"}],"version-history":[{"count":2,"href":"https:\/\/intlaw.eu\/ro\/wp-json\/wp\/v2\/pages\/6021\/revisions"}],"predecessor-version":[{"id":6023,"href":"https:\/\/intlaw.eu\/ro\/wp-json\/wp\/v2\/pages\/6021\/revisions\/6023"}],"wp:attachment":[{"href":"https:\/\/intlaw.eu\/ro\/wp-json\/wp\/v2\/media?parent=6021"}],"curies":[{"name":"wp","href":"https:\/\/api.w.org\/{rel}","templated":true}]}}