{"id":5252,"date":"2025-01-20T08:18:37","date_gmt":"2025-01-20T07:18:37","guid":{"rendered":"https:\/\/intlaw.eu\/aviso-legal\/"},"modified":"2026-03-13T08:38:20","modified_gmt":"2026-03-13T07:38:20","slug":"termini","status":"publish","type":"page","link":"https:\/\/intlaw.eu\/it\/termini\/","title":{"rendered":"Termini"},"content":{"rendered":"[vc_row type=&#8221;in_container&#8221; full_screen_row_position=&#8221;middle&#8221; column_margin=&#8221;default&#8221; column_direction=&#8221;default&#8221; column_direction_tablet=&#8221;default&#8221; column_direction_phone=&#8221;default&#8221; scene_position=&#8221;center&#8221; text_color=&#8221;dark&#8221; text_align=&#8221;left&#8221; row_border_radius=&#8221;none&#8221; row_border_radius_applies=&#8221;bg&#8221; overflow=&#8221;visible&#8221; overlay_strength=&#8221;0.3&#8243; gradient_direction=&#8221;left_to_right&#8221; shape_divider_position=&#8221;bottom&#8221; bg_image_animation=&#8221;none&#8221;][vc_column column_padding=&#8221;no-extra-padding&#8221; column_padding_tablet=&#8221;inherit&#8221; column_padding_phone=&#8221;inherit&#8221; column_padding_position=&#8221;all&#8221; column_element_spacing=&#8221;default&#8221; background_color_opacity=&#8221;1&#8243; background_hover_color_opacity=&#8221;1&#8243; column_shadow=&#8221;none&#8221; column_border_radius=&#8221;none&#8221; column_link_target=&#8221;_self&#8221; column_position=&#8221;default&#8221; gradient_direction=&#8221;left_to_right&#8221; overlay_strength=&#8221;0.3&#8243; width=&#8221;1\/1&#8243; tablet_width_inherit=&#8221;default&#8221; tablet_text_alignment=&#8221;default&#8221; phone_text_alignment=&#8221;default&#8221; animation_type=&#8221;default&#8221; bg_image_animation=&#8221;none&#8221; border_type=&#8221;simple&#8221; column_border_width=&#8221;none&#8221; column_border_style=&#8221;solid&#8221;][vc_column_text]<strong>AVISO LEGAL INTLAW<\/strong><\/p>\n<p><strong>OBJETO<\/strong><\/p>\n<p>En el aviso legal delimitamos las reglas de utilizaci\u00f3n de la web www.intla.eu del que es titular\u00a0INTLAW, S.L.P.\u00a0(en adelante, INTLAW). Por favor LEA detenidamente las presentes condiciones.<\/p>\n<p>Al usar nuestra web tiene condici\u00f3n de usuario (en adelante el \u201cUSUARIO\u201d) y mediante su uso ACEPTA PLENAMENTE y SIN RESERVAS las CONDICIONES de USO. Las condiciones pueden modificarse unilateralmente por INTLAW sin notificaci\u00f3n previa, pero s\u00ed que se le avisara con la m\u00e1xima antelaci\u00f3n posible de su publicaci\u00f3n\/modificaci\u00f3n.<\/p>\n<p>El USUARIO usara la web en base a la buena fe, respetando las leyes y el orden p\u00fablico y, asimismo, las condiciones aplicables al uso del sitio web de INTLAW. Cualquier incumplimiento del uso debido por parte del USUARIO conllevar\u00e1 su directa responsabilidad frente a terceros y\/o frente a INTLAW en relaci\u00f3n con los da\u00f1os y perjuicios que tal acci\u00f3n pueda causar.<\/p>\n<p>INTLAW tiene la facultad de denegar y\/o retirar el acceso y el uso de la web en cualquier momento en caso de incumplimiento de su obligaci\u00f3n por parte del USUARIO.<\/p>\n<p><strong>IDENTIFICACI\u00d3N del TITULAR DE LA WEB<\/strong><\/p>\n<p>En virtud de la Ley 34\/2002, de 11 de julio, de Servicios de la Sociedad de la Informaci\u00f3n y de Comercio Electr\u00f3nico, abajo identificamos al titular de la web:<\/p>\n<p>INTLAW, S.L.P. (en adelante, &#8220;INTLAW&#8221;, la &#8220;Firma&#8221; o la &#8220;Sociedad&#8221;), con domicilio social en Barcelona (Espa\u00f1a), calle Aribau 175, Principal 1 B, 08036 Barcelona, e inscrita en el Registro Mercantil de Barcelona al Tomo 46177, Folio 9, Hoja B 511972, inscripci\u00f3n 1.<\/p>\n<p><strong>DATOS DE CONTACTO y COMUNICACI\u00d3N<\/strong><\/p>\n<p>Nos pueden contactar al:<\/p>\n<p>Email:\u00a0 administration@intlaw.eu<\/p>\n<p>Tel\u00e9fono: +34\u00a0 931 125 423<\/p>\n<p>&nbsp;<\/p>\n<p>Cuando la comunicaci\u00f3n se realiza por el email y\/o tel\u00e9fono indicado, se considerar\u00e1n eficaces entre el USUARIO Y INTLAW.<\/p>\n<p><strong>CONDICIONES DE ACCESO Y UTILIZACI\u00d3N<\/strong><\/p>\n<p>La web de INTLAW es de libre acceso y es gratuita.<\/p>\n<p>Dependiendo del caso, alguno de las utilizaciones\/servicios pueden necesitar informaci\u00f3n previa y\/o rellenar cuestionario por parte del USUARIO. EN caso de proporcionar datos, el USUARIO proporcionar datos verdaderos y exactos. No se admitir\u00e1 la recepci\u00f3n de datos personales excesivos, no actualizados o incompatibles con la actividad desarrollada por INTLAW. Le comunicamos que si su petici\u00f3n no re\u00fane estos requisitos se proceder\u00e1 a su destrucci\u00f3n autom\u00e1ticamente.<\/p>\n<p>El USUARIO no puede usar la web para: (a) realizar cualquier afirmaci\u00f3n que pueda ser un delito o que tenga contenido xen\u00f3fobo, sexista, machista, racista, y\/o equivalente y\/o que sea contario a la ley; (b) difundir virus inform\u00e1ticos, obstruir la correcta funcionalidad de la web; (c) realizar acciones suplantaci\u00f3n de identidad, huaqueo, intentar rastrear y recabar informaci\u00f3n de otros usuarios; (d) vulnerar los derechos de propiedad intelectual y\/o industrial de cualquier tercereo; (e) difundir el contenido de la web sin previo permiso escrito de INTLAW.<\/p>\n<p>&nbsp;<\/p>\n<p>Todo el contenido de la web de INTLAW es exclusiva propiedad de INTLAW y NO est\u00e1 permitida la copia, la modificaci\u00f3n, la distribuci\u00f3n, la difusi\u00f3n de ning\u00fan elemento sin autorizaci\u00f3n escrita y previa de INTLAW.\u00a0 Ello incluye los textos las marcas, nombres comerciales, im\u00e1genes, m\u00fasica, videos, dise\u00f1o, software etc. El uso de la web de INTLAW no supone licencia de explotaci\u00f3n y\/o difusi\u00f3n alguna por parte de INTLAW al USUARIO.<\/p>\n<p>&nbsp;<\/p>\n<p>INTLAW no tiene responsabilidad derivada del uso de la informaci\u00f3n y\/o contenido que en esta web se realice por parte el USUARIO ni de la realizada en cualquier web de terceros que pueda estar enlazada in la web de INTLAW.<\/p>\n<p>&nbsp;<\/p>\n<p>&nbsp;<\/p>\n<p><strong>EXCLUSI\u00d3N DE GARANT\u00cdAS Y DE RESPONSABILIDAD DERIVADAS DEL USO<\/strong><\/p>\n<p>&nbsp;<\/p>\n<p>INTLAW no puede garantizar la fiabilidad, utilidad o veracidad de absolutamente toda la informaci\u00f3n contenida en la Web, ni tampoco de la utilidad o veracidad de la documentaci\u00f3n puesta a disposici\u00f3n a trav\u00e9s de este.<\/p>\n<p>En consecuencia, INTLAW no garantiza ni se hace responsable de: (i) la continuidad de los contenidos, servicios y\/o las funcionalidades de la Web; (ii) la ausencia de errores en dichos contenidos; (iii) la ausencia de virus o dem\u00e1s componentes da\u00f1inos en la Web o en el servidor que lo suministra; (iv) la invulnerabilidad de la Web o la imposibilidad de vulnerar las medidas de seguridad que se adopten para el mismo; (v) la falta de utilidad o rendimiento de los contenidos de la Web; y (vi) los da\u00f1os o perjuicios que cause, a s\u00ed mismo o a un tercero, cualquier persona que infringiera las condiciones, normas e instrucciones que INTLAW establece, o a trav\u00e9s de la vulneraci\u00f3n de sistemas de seguridad.<\/p>\n<p>&nbsp;<\/p>\n<p>Este sitio web contiene materiales y contenidos preparados por INTLAW con finalidad mera y exclusivamente informativa. En ning\u00fan caso y bajo ning\u00fan concepto los materiales, contenidos e informaciones comprendidas en el presente sitio web podr\u00e1n considerarse ni constituir\u00e1n un servicio de asesoramiento legal. Es por ello que INTLAW desaconseja llevar a cabo cualquier actuaci\u00f3n sobre la base de la informaci\u00f3n contenida en el presente sitio web sin un adecuado asesoramiento legal previo que tenga en cuenta todas las circunstancias y detalles concretos de cada caso o situaci\u00f3n. INTLAW no asume ninguna responsabilidad por los da\u00f1os y perjuicios que pudieren resultar o tener conexi\u00f3n con el empleo de dicha informaci\u00f3n.<\/p>\n<p>El acceso y uso de este sitio web por parte del usuario no implica el establecimiento de relaci\u00f3n profesional de tipo alguno entre dicho usuario y INTLAW.<\/p>\n<p>INTLAW no garantiza que los materiales y contenidos que aparecen en este sitio web reflejen el estado legislativo o jurisprudencial m\u00e1s reciente sobre las cuestiones analizadas o comprendidas en los mismos, por lo que no se responsabiliza de su exactitud, exhaustividad y actualidad.<\/p>\n<p>Ud. navega en el presente sitio web bajo su cuenta y riesgo y mediante su acceso a este, Ud. se obliga a utilizarlo conforme a la legislaci\u00f3n y los usos del tr\u00e1fico vigentes en cada momento y responder\u00e1, frente a INTLAW y\/o terceros, de cualesquiera da\u00f1os y perjuicios que pudieran causarse como consecuencia del incumplimiento de dicha obligaci\u00f3n. Ud. deber\u00e1 abstenerse en todo caso de suprimir, alterar, eludir o manipular cualesquiera dispositivos de protecci\u00f3n o sistemas de seguridad que puedan estar instalados en o respecto al sitio web y de llevar a cabo cualquier acci\u00f3n que dificulte o impida el normal uso del presente sitio web.<\/p>\n<p>Ello, no obstante, INTLAW declara que ha adoptado todas las medidas necesarias, dentro de sus posibilidades y del estado de la t\u00e9cnica, para garantizar el buen funcionamiento de la Web y reducir al m\u00ednimo los errores del sistema, tanto desde el punto de vista t\u00e9cnico como de los contenidos publicados, as\u00ed como para evitar la existencia y transmisi\u00f3n de virus y dem\u00e1s componentes da\u00f1inos a los sistemas inform\u00e1ticos de los Usuarios.<\/p>\n<p>INTLAW no garantiza la licitud, fiabilidad y utilidad de los contenidos transmitidos o suministrados por terceros a trav\u00e9s de la Web. Si el USUARIO tuviera conocimiento de la existencia de alg\u00fan contenido il\u00edcito, ilegal, contrario a las leyes o que pudiera suponer una infracci\u00f3n de derechos de terceros, deber\u00e1 notificarlo inmediatamente a INTLAW para que \u00e9ste pueda proceder a la adopci\u00f3n de las medidas oportunas.<\/p>\n<p>En este sentido, INTLAW no tiene obligaci\u00f3n de controlar los contenidos transmitidos a suministrados por terceros, salvo en los supuestos en los que lo exigiera la legislaci\u00f3n vigente o cuando fuera requerido por una autoridad judicial o administrativa competente.<\/p>\n<p>&nbsp;<\/p>\n<h6><strong>Adicionalmente, salvo disposici\u00f3n legal en sentido contrario, INTLAW no aceptar\u00e1 ninguna responsabilidad por las siguientes p\u00e9rdidas, con independencia de su origen:<\/strong><\/h6>\n<h6><strong>\u00b7 \u00a0 \u00a0 \u00a0 \u00a0 cualesquiera p\u00e9rdidas que no fueran atribuibles a incumplimiento alguno por su parte;<\/strong><\/h6>\n<h6><strong>\u00b7 \u00a0 \u00a0 \u00a0 \u00a0 p\u00e9rdidas empresariales (incluyendo lucro cesante, de ingresos, de contratos, de ahorros previstos, de datos, p\u00e9rdida del fondo de comercio o gastos innecesarios incurridos); o de<\/strong><\/h6>\n<h6><strong>\u00b7 \u00a0 \u00a0 \u00a0 \u00a0 toda otra p\u00e9rdida indirecta que no fuera razonablemente previsible por ambas partes en el momento en que se formaliz\u00f3 el contrato de compraventa de los productos entre ambas partes.<\/strong><\/h6>\n<h6><strong>Igualmente, INTLAW tambi\u00e9n limita su responsabilidad en cuanto a los siguientes casos:<\/strong><\/h6>\n<ul>\n<li>INTLAW aplica todas las medidas concernientes a proporcionar una visualizaci\u00f3n fiel del producto en el Sitio Web, sin embargo, no se responsabiliza por las m\u00ednimas diferencias o inexactitudes que puedan existir debido a falta de resoluci\u00f3n de la pantalla, o problemas del navegador que se utilice u otros de esta \u00edndole.<\/li>\n<li>Fallos t\u00e9cnicos que por causas fortuitas o de otra \u00edndole, impidan un normal funcionamiento del servicio a trav\u00e9s de internet. Falta de disponibilidad del Sitio Web por razones de mantenimiento u otras, que impida disponer del servicio. INTLAW pone todos los medios a su alcance a efectos de llevar a cabo el proceso de compra, pago y env\u00edo\/entrega de los productos, no obstante, se exime de responsabilidad por causas que no le sean imputables, caso fortuito o fuerza mayor.<\/li>\n<li>En general, INTLAW no se responsabilizar\u00e1 por ning\u00fan incumplimiento o retraso en el cumplimiento de alguna de las obligaciones asumidas, cuando el mismo se deba a acontecimientos que est\u00e1n fuera de su control razonable, es decir, que se deban a causa de fuerza mayor, y \u00e9sta podr\u00e1 incluir, a modo enunciativo pero no exhaustivo:\n<ul>\n<li>Huelgas, cierres patronales u otras medidas reivindicativas.<\/li>\n<li>Conmoci\u00f3n civil, revuelta, invasi\u00f3n, amenaza o ataque terrorista, guerra (declarada o no) o amenaza o preparativos de guerra.<\/li>\n<li>Incendio, explosi\u00f3n, tormenta, inundaci\u00f3n, terremoto, hundimiento, epidemia, pandemia o cualquier otro desastre natural.<\/li>\n<li>Imposibilidad de uso de trenes, barcos, aviones, transportes de motor u otros medios de transporte, p\u00fablicos o privados.<\/li>\n<li>Imposibilidad de utilizar sistemas p\u00fablicos o privados de telecomunicaciones.<\/li>\n<li>Actos, decretos, legislaci\u00f3n, normativa o restricciones de cualquier gobierno o autoridad p\u00fablica.<\/li>\n<\/ul>\n<\/li>\n<\/ul>\n<h6><strong>De esta forma, las obligaciones quedar\u00e1n suspendidas durante el periodo en que la causa de fuerza mayor contin\u00fae, y INTLAW dispondr\u00e1 de una ampliaci\u00f3n en el plazo para cumplirlas por un periodo de tiempo igual al que dure la causa de fuerza mayor. INTLAW pondr\u00e1 todos los medios razonables para encontrar una soluci\u00f3n que le permita cumplir con sus obligaciones a pesar de la causa de fuerza mayor.<\/strong><\/h6>\n<p><strong>\u00a0<\/strong><\/p>\n<p><strong>PUBLICACIONES Y\/O ENLACES <\/strong><\/p>\n<p>&nbsp;<\/p>\n<p>Cualquier informaci\u00f3n, incluso de car\u00e1cter administrativo facilitada a trav\u00e9s del sitio web no sustituye la publicidad legal de las leyes, normativas, planes, disposiciones generales y actos que tengan que ser publicados formalmente a los diarios oficiales de las administraciones p\u00fablicas, que constituyen el \u00fanico instrumento que da fe de su autenticidad y contenido. La informaci\u00f3n disponible en este sitio web debe entenderse como una gu\u00eda sin prop\u00f3sito de validez legal.<\/p>\n<p>&nbsp;<\/p>\n<p>Se informa que el Sitio Web de INTLAW pone o puede poner a disposici\u00f3n de los Usuarios medios de enlace (como, entre otros, links, banners, botones), directorios y motores de b\u00fasqueda que permiten a los Usuarios acceder a sitios web pertenecientes y\/o gestionados por terceros.<\/p>\n<p>La instalaci\u00f3n de estos enlaces, directorios y motores de b\u00fasqueda en el Sitio Web tiene por objeto facilitar a los Usuarios la b\u00fasqueda de y acceso a la informaci\u00f3n disponible en Internet, sin que pueda considerarse una sugerencia, recomendaci\u00f3n o invitaci\u00f3n para la visita de los mismos.<\/p>\n<p>INTLAW no ofrece ni comercializa por s\u00ed ni por medio de terceros los productos y\/o servicios disponibles en dichos sitios enlazados.<\/p>\n<p>Asimismo, tampoco garantizar\u00e1 la disponibilidad t\u00e9cnica, exactitud, veracidad, validez o legalidad de sitios ajenos a su propiedad a los que se pueda acceder por medio de los enlaces.<\/p>\n<p>INTLAW en ning\u00fan caso revisar\u00e1 o controlar\u00e1 el contenido de otros sitios web, as\u00ed como tampoco aprueba, examina ni hace propios los productos y servicios, contenidos, archivos y cualquier otro material existente en los referidos sitios enlazados.<\/p>\n<p>INTLAW no asume ninguna responsabilidad por los da\u00f1os y perjuicios que pudieran producirse por el acceso, uso, calidad o licitud de los contenidos, comunicaciones, opiniones, productos y servicios de los sitios web no gestionados por INTLAW y que sean enlazados en este Sitio Web.<\/p>\n<p>El Usuario o tercero que realice un hiperv\u00ednculo desde una p\u00e1gina web de otro, distinto, sitio web al Sitio Web de INTLAW deber\u00e1 saber que:<\/p>\n<p>No se permite la reproducci\u00f3n \u2014total o parcialmente\u2014 de ninguno de los Contenidos y\/o Servicios del Sitio Web sin autorizaci\u00f3n expresa de INTLAW.<\/p>\n<p>No se permite tampoco ninguna manifestaci\u00f3n falsa, inexacta o incorrecta sobre el Sitio Web de INTLAW, ni sobre los Contenidos y\/o Servicios del mismo.<\/p>\n<p>A excepci\u00f3n del hiperv\u00ednculo, el sitio web en el que se establezca dicho hiperenlace no contendr\u00e1 ning\u00fan elemento, de este Sitio Web, protegido como propiedad intelectual por el ordenamiento jur\u00eddico espa\u00f1ol, salvo autorizaci\u00f3n expresa de INTLAW.<\/p>\n<p>El establecimiento del hiperv\u00ednculo no implicar\u00e1 la existencia de relaciones entre INTLAW y el titular del sitio web desde el cual se realice, ni el conocimiento y aceptaci\u00f3n de INTLAW de los contenidos, servicios y\/o actividades ofrecidos en dicho sitio web, y viceversa.<\/p>\n<p>&nbsp;<\/p>\n<p><strong>PROPIEDAD INTELECTUAL E INDUSTRIAL<\/strong><\/p>\n<p>&nbsp;<\/p>\n<p><strong>Derechos sobre el contenido<\/strong><\/p>\n<p>INTLAW es titular o, en su caso, cuenta con las licencias correspondientes sobre los derechos de explotaci\u00f3n de propiedad intelectual e industrial de la Web, as\u00ed como de todos los contenidos ofrecidos en el mismo, incluyendo, a t\u00edtulo enunciativo y no limitativo, la propia plataforma, textos, fotograf\u00edas o ilustraciones, logos, marcas, grafismos, dise\u00f1os, interfaces, o cualquier otra informaci\u00f3n o contenido y los servicios disponibles a trav\u00e9s de este.<\/p>\n<p>&nbsp;<\/p>\n<p><strong>Derechos sobre el Web<\/strong><\/p>\n<p>En ning\u00fan caso se entender\u00e1 que el acceso, navegaci\u00f3n y utilizaci\u00f3n de la Web por parte del Usuario implica una renuncia, transmisi\u00f3n, licencia o cesi\u00f3n total o parcial de dichos derechos por parte de INTLAW. Al acceder a la Web, el Usuario adquiere un derecho de uso de los contenidos y\/o servicios de la Web, durante el uso de este, y \u00fanicamente con la finalidad de disfrutar de las prestaciones del servicio de acuerdo con el presente Aviso Legal.<\/p>\n<p>Las referencias a marcas o nombres comerciales registrados, u otros signos distintivos, ya sean titularidad de INTLAW o de terceras empresas, llevan impl\u00edcita la prohibici\u00f3n sobre su uso sin el consentimiento de INTLAW o de sus leg\u00edtimos titulares. En ning\u00fan momento, salvo manifestaci\u00f3n expresa en contrario, el acceso, navegaci\u00f3n o utilizaci\u00f3n del Web o de sus contenidos confiere al Usuario derecho alguno sobre signos distintivos en \u00e9l incluidos.<\/p>\n<p>Quedan reservados todos los derechos de propiedad intelectual e industrial sobre los contenidos de la Web y, en particular, queda prohibido modificar, copiar, reproducir, comunicar p\u00fablicamente, transformar o distribuir, por cualquier medio y bajo cualquier forma, la totalidad o parte de los contenidos incluidos en el mismo, para prop\u00f3sitos p\u00fablicos o comerciales, si no se cuenta con autorizaci\u00f3n previa, expresa y por escrito de INTLAW o, en su caso, del titular de los derechos correspondientes.<\/p>\n<p>Asimismo, queda prohibido suprimir o manipular las indicaciones de copyright u otros cr\u00e9ditos que identifiquen a los titulares de derechos de los contenidos de la Web, as\u00ed como los dispositivos t\u00e9cnicos de protecci\u00f3n, las huellas digitales, o cualquier mecanismo de protecci\u00f3n o informaci\u00f3n incorporada a los mismos.<\/p>\n<p>Los servicios ofrecidos, o cualquier informaci\u00f3n dispuesta a trav\u00e9s de la Web no podr\u00e1n ser utilizados para fines comerciales o publicitarios sin autorizaci\u00f3n previa de INTLAW.<\/p>\n<p>En todo caso, el Usuario se compromete a no usar la Web para fines ilegales o prohibidos.<\/p>\n<p>&nbsp;<\/p>\n<p>&nbsp;<\/p>\n<p><strong>ACCIONES LEGALES, LEGISLACI\u00d3N APLICABLE Y JURISDICCI\u00d3N<\/strong><\/p>\n<p>&nbsp;<\/p>\n<p>INTLAW se reserva, asimismo, la facultad de presentar las acciones civiles o penales que considere oportunas por la utilizaci\u00f3n indebida de su sitio web y contenidos, o por el incumplimiento de las presentes condiciones.<\/p>\n<p>&nbsp;<\/p>\n<p>La relaci\u00f3n entre el usuario y el prestador se regir\u00e1 por la normativa vigente y de aplicaci\u00f3n en el territorio espa\u00f1ol. De surgir cualquier controversia las partes podr\u00e1n someter sus conflictos a arbitraje o acudir a la jurisdicci\u00f3n ordinaria cumpliendo con las normas sobre jurisdicci\u00f3n y competencia al respecto. INTLAW tiene su domicilio en BARCELONA, Espa\u00f1a y no esta adherido a ninguna plataforma\/asociaci\u00f3n de soluci\u00f3n alternativa de controversias.<\/p>\n<p>&nbsp;<\/p>\n<p>Seg\u00fan la Resoluci\u00f3n de litigios en l\u00ednea en materia de consumo de la UE y conforme al Art. 14.1 del Reglamento (UE) 524\/2013, le informamos que la Comisi\u00f3n Europea facilita a todos los consumidores una plataforma de resoluci\u00f3n de litigios en l\u00ednea que se encuentra disponible en el siguiente enlace: <a href=\"http:\/\/ec.europa.eu\/consumers\/odr\/\" rel=\"nofollow noopener\" target=\"_blank\">http:\/\/ec.europa.eu\/consumers\/odr\/<\/a><\/p>\n<p>Para interponer cualquier queja o reclamaci\u00f3n ante INTLAW el cliente deber\u00e1 dirigirse al departamento de atenci\u00f3n al cliente: al tel\u00e9fono al tel\u00e9fono +34\u00a0 931 125 423 o direcci\u00f3n electr\u00f3nica administration@intlaw.eu<\/p>\n<p>La lengua utilizada ser\u00e1 el castellano.[\/vc_column_text][\/vc_column][\/vc_row]\n","protected":false},"excerpt":{"rendered":"<p>[vc_row type=&#8221;in_container&#8221; full_screen_row_position=&#8221;middle&#8221; column_margin=&#8221;default&#8221; column_direction=&#8221;default&#8221; column_direction_tablet=&#8221;default&#8221; column_direction_phone=&#8221;default&#8221; scene_position=&#8221;center&#8221; text_color=&#8221;dark&#8221; text_align=&#8221;left&#8221; row_border_radius=&#8221;none&#8221; row_border_radius_applies=&#8221;bg&#8221; overflow=&#8221;visible&#8221; overlay_strength=&#8221;0.3&#8243; gradient_direction=&#8221;left_to_right&#8221; shape_divider_position=&#8221;bottom&#8221; bg_image_animation=&#8221;none&#8221;][vc_column column_padding=&#8221;no-extra-padding&#8221; column_padding_tablet=&#8221;inherit&#8221; column_padding_phone=&#8221;inherit&#8221; column_padding_position=&#8221;all&#8221; column_element_spacing=&#8221;default&#8221; background_color_opacity=&#8221;1&#8243; background_hover_color_opacity=&#8221;1&#8243; column_shadow=&#8221;none&#8221; column_border_radius=&#8221;none&#8221; column_link_target=&#8221;_self&#8221; column_position=&#8221;default&#8221; gradient_direction=&#8221;left_to_right&#8221; overlay_strength=&#8221;0.3&#8243;&#8230;<\/p>\n","protected":false},"author":5,"featured_media":0,"parent":0,"menu_order":0,"comment_status":"closed","ping_status":"closed","template":"","meta":{"footnotes":""},"class_list":["post-5252","page","type-page","status-publish"],"_links":{"self":[{"href":"https:\/\/intlaw.eu\/it\/wp-json\/wp\/v2\/pages\/5252","targetHints":{"allow":["GET"]}}],"collection":[{"href":"https:\/\/intlaw.eu\/it\/wp-json\/wp\/v2\/pages"}],"about":[{"href":"https:\/\/intlaw.eu\/it\/wp-json\/wp\/v2\/types\/page"}],"author":[{"embeddable":true,"href":"https:\/\/intlaw.eu\/it\/wp-json\/wp\/v2\/users\/5"}],"replies":[{"embeddable":true,"href":"https:\/\/intlaw.eu\/it\/wp-json\/wp\/v2\/comments?post=5252"}],"version-history":[{"count":2,"href":"https:\/\/intlaw.eu\/it\/wp-json\/wp\/v2\/pages\/5252\/revisions"}],"predecessor-version":[{"id":5254,"href":"https:\/\/intlaw.eu\/it\/wp-json\/wp\/v2\/pages\/5252\/revisions\/5254"}],"wp:attachment":[{"href":"https:\/\/intlaw.eu\/it\/wp-json\/wp\/v2\/media?parent=5252"}],"curies":[{"name":"wp","href":"https:\/\/api.w.org\/{rel}","templated":true}]}}