{"id":5113,"date":"2022-06-02T18:48:30","date_gmt":"2022-06-02T17:48:30","guid":{"rendered":"https:\/\/intlaw.eu\/enrique-garcia-echegoyen\/"},"modified":"2026-03-13T07:00:36","modified_gmt":"2026-03-13T06:00:36","slug":"enrique-garcia-echegoyen","status":"publish","type":"page","link":"https:\/\/intlaw.eu\/it\/enrique-garcia-echegoyen\/","title":{"rendered":"Enrique Garc\u00eda Echegoyen"},"content":{"rendered":"[vc_row type=&#8221;in_container&#8221; full_screen_row_position=&#8221;middle&#8221; column_margin=&#8221;default&#8221; column_direction=&#8221;default&#8221; column_direction_tablet=&#8221;default&#8221; column_direction_phone=&#8221;default&#8221; scene_position=&#8221;center&#8221; text_color=&#8221;dark&#8221; text_align=&#8221;left&#8221; row_border_radius=&#8221;none&#8221; row_border_radius_applies=&#8221;bg&#8221; overflow=&#8221;visible&#8221; overlay_strength=&#8221;0.3&#8243; gradient_direction=&#8221;left_to_right&#8221; shape_divider_position=&#8221;bottom&#8221; bg_image_animation=&#8221;none&#8221;][vc_column column_padding=&#8221;no-extra-padding&#8221; column_padding_tablet=&#8221;inherit&#8221; column_padding_phone=&#8221;inherit&#8221; column_padding_position=&#8221;all&#8221; column_element_spacing=&#8221;default&#8221; background_color_opacity=&#8221;1&#8243; background_hover_color_opacity=&#8221;1&#8243; column_shadow=&#8221;none&#8221; column_border_radius=&#8221;none&#8221; column_link_target=&#8221;_self&#8221; column_position=&#8221;default&#8221; gradient_direction=&#8221;left_to_right&#8221; overlay_strength=&#8221;0.3&#8243; width=&#8221;1\/1&#8243; tablet_width_inherit=&#8221;default&#8221; tablet_text_alignment=&#8221;default&#8221; phone_text_alignment=&#8221;default&#8221; animation_type=&#8221;default&#8221; bg_image_animation=&#8221;none&#8221; border_type=&#8221;simple&#8221; column_border_width=&#8221;none&#8221; column_border_style=&#8221;solid&#8221;][vc_custom_heading text=&#8221;ENRIQUE GARC\u00cdA ECHEGOYEN (Avvocato)&#8221; font_container=&#8221;tag:h4|text_align:left|color:%231f360f&#8221; use_theme_fonts=&#8221;yes&#8221;][divider line_type=&#8221;Small Line&#8221; line_alignment=&#8221;default&#8221; line_thickness=&#8221;2&#8243; divider_color=&#8221;accent-color&#8221; animate=&#8221;yes&#8221; custom_line_width=&#8221;60&#8243;][\/vc_column][\/vc_row][vc_row type=&#8221;in_container&#8221; full_screen_row_position=&#8221;middle&#8221; column_margin=&#8221;default&#8221; column_direction=&#8221;default&#8221; column_direction_tablet=&#8221;default&#8221; column_direction_phone=&#8221;default&#8221; scene_position=&#8221;center&#8221; text_color=&#8221;dark&#8221; text_align=&#8221;left&#8221; row_border_radius=&#8221;none&#8221; row_border_radius_applies=&#8221;bg&#8221; overflow=&#8221;visible&#8221; overlay_strength=&#8221;0.3&#8243; gradient_direction=&#8221;left_to_right&#8221; shape_divider_position=&#8221;bottom&#8221; bg_image_animation=&#8221;none&#8221;][vc_column column_padding=&#8221;no-extra-padding&#8221; column_padding_tablet=&#8221;inherit&#8221; column_padding_phone=&#8221;inherit&#8221; column_padding_position=&#8221;all&#8221; column_element_spacing=&#8221;default&#8221; background_color_opacity=&#8221;1&#8243; background_hover_color_opacity=&#8221;1&#8243; column_shadow=&#8221;none&#8221; column_border_radius=&#8221;none&#8221; column_link_target=&#8221;_self&#8221; column_position=&#8221;default&#8221; gradient_direction=&#8221;left_to_right&#8221; overlay_strength=&#8221;0.3&#8243; width=&#8221;1\/4&#8243; tablet_width_inherit=&#8221;default&#8221; tablet_text_alignment=&#8221;default&#8221; phone_text_alignment=&#8221;default&#8221; animation_type=&#8221;default&#8221; bg_image_animation=&#8221;none&#8221; border_type=&#8221;simple&#8221; column_border_width=&#8221;none&#8221; column_border_style=&#8221;solid&#8221;][image_with_animation image_url=&#8221;3946&#8243; image_size=&#8221;full&#8221; animation_type=&#8221;entrance&#8221; animation=&#8221;Fade In&#8221; hover_animation=&#8221;none&#8221; alignment=&#8221;&#8221; border_radius=&#8221;none&#8221; box_shadow=&#8221;none&#8221; image_loading=&#8221;default&#8221; max_width=&#8221;100%&#8221; max_width_mobile=&#8221;default&#8221;][split_line_heading animation_type=&#8221;line-reveal-by-space&#8221; font_style=&#8221;h5&#8243; text_color=&#8221;#0a0a0a&#8221; line_reveal_by_space_text_effect=&#8221;default&#8221; content_alignment=&#8221;default&#8221; mobile_content_alignment=&#8221;inherit&#8221; link_target=&#8221;_self&#8221; text_content=&#8221;ENRIQUE GARC\u00cdA ECHEGOYEN (SOCIO)&#8221; max_width=&#8221;450&#8243;][\/split_line_heading][vc_column_text]Email: eg@intlaw.eu<br \/>\nTelefono: +34 931 125 423<br \/>\n<a href=\"https:\/\/www.linkedin.com\/in\/enrique-garcia-echegoyen-84723534\/\" rel=\"nofollow noopener\" target=\"_blank\"> Unisciti alla mia rete LinkedIn<\/a>[\/vc_column_text][vc_column_text]\n<h5>Desks:<\/h5>\n<p>Spagna<\/p>\n<h5>Aree di competenza:<\/h5>\n<p><a href=\"\/it\/lavoro-internazionale\/\"> Derecho Laboral y de Empleo<\/a>; <a href=\"\/it\/contenzioso-internazionale\/\">Litigios<\/a><\/p>\n<h5>Lingue:<\/h5>\n<p>Spagnolo, caralano<\/p>\n<h5>Abilitazione:<\/h5>\n<p>Tutti i Tribunali spagnoli[\/vc_column_text][\/vc_column][vc_column column_padding=&#8221;no-extra-padding&#8221; column_padding_tablet=&#8221;inherit&#8221; column_padding_phone=&#8221;inherit&#8221; column_padding_position=&#8221;all&#8221; column_element_spacing=&#8221;default&#8221; background_color_opacity=&#8221;1&#8243; background_hover_color_opacity=&#8221;1&#8243; column_shadow=&#8221;none&#8221; column_border_radius=&#8221;none&#8221; column_link_target=&#8221;_self&#8221; column_position=&#8221;default&#8221; gradient_direction=&#8221;left_to_right&#8221; overlay_strength=&#8221;0.3&#8243; width=&#8221;3\/4&#8243; tablet_width_inherit=&#8221;default&#8221; tablet_text_alignment=&#8221;default&#8221; phone_text_alignment=&#8221;default&#8221; animation_type=&#8221;default&#8221; bg_image_animation=&#8221;none&#8221; border_type=&#8221;simple&#8221; column_border_width=&#8221;none&#8221; column_border_style=&#8221;solid&#8221;][vc_column_text max_width=&#8221;800&#8243;]Enrique Garc\u00eda Echegoyen ha conseguito la laurea in Giurisprudenza presso l&#8217;Universit\u00e0 di Barcellona. Membro dell&#8217;Ordine degli Avvocati di Barcellona, \u00e8 stato membro del Consiglio dell&#8217;Ordine (Junta de Gobierno) dal 2009 al 2012. <\/p>\n<p>\u00c8 membro del Consiglio Direttivo della Commissione Cultura dell&#8217;Ordine degli Avvocati di Barcellona (ICAB) e ha ricoperto la carica di Presidente della Sezione di Diritto del Lavoro fino al 2023. \u00c8 Direttore e membro del Comitato Scientifico del Master in Diritto del Lavoro dell&#8217;ICAB e docente presso la Scuola di Pratica Giuridica. \u00c8 inoltre relatore nel Master di Avvocatura presso l&#8217;Universit\u00e0 di Barcellona, l&#8217;Universit\u00e0 Autonoma di Barcellona e l&#8217;Universit\u00e0 Abat Oliba. Collabora con l&#8217;Universit\u00e0 Aperta della Catalogna (UOC) ed \u00e8 docente di Diritto del Lavoro presso l&#8217;Universit\u00e0 Abat Oliba.   <\/p>\n<p>Ha patrocinato in ogni tipo di contenzioso del lavoro, vantando una vasta esperienza in questioni di alto livello nell&#8217;ambito del diritto del lavoro e dell&#8217;occupazione. Ha partecipato a innumerevoli conferenze ed \u00e8 autore di diversi articoli specialistici in materia giuslavoristica. <\/p>\n<h5>QUALIFICHE E ASSOCIAZIONI PROFESSIONALI<\/h5>\n<ul>\n<li>Barcelona Bar Association \u2013 ICAB (Ilustre Colegio de la Abogac\u00eda de Barcelona)<\/li>\n<\/ul>\n<h5>FORMAZIONE<\/h5>\n<ul>\n<li>Laurea in Giurisprudenza, Universit\u00e0 di Barcellona<\/li>\n<\/ul>\n<h5>PREMI E PUBBLICAZIONI<\/h5>\n<ul>\n<li><strong data-start=\"433\" data-end=\"458\"> Medaglia Presidente Maci\u00e0,<\/strong> conferita dal Dipartimento del Lavoro e delle Imprese della Catalogna in riconoscimento del merito professionale<\/li>\n<\/ul>\n[\/vc_column_text][\/vc_column][\/vc_row]\n","protected":false},"excerpt":{"rendered":"<p>[vc_row type=&#8221;in_container&#8221; full_screen_row_position=&#8221;middle&#8221; column_margin=&#8221;default&#8221; column_direction=&#8221;default&#8221; column_direction_tablet=&#8221;default&#8221; column_direction_phone=&#8221;default&#8221; scene_position=&#8221;center&#8221; text_color=&#8221;dark&#8221; text_align=&#8221;left&#8221; row_border_radius=&#8221;none&#8221; row_border_radius_applies=&#8221;bg&#8221; overflow=&#8221;visible&#8221; overlay_strength=&#8221;0.3&#8243; gradient_direction=&#8221;left_to_right&#8221; shape_divider_position=&#8221;bottom&#8221; bg_image_animation=&#8221;none&#8221;][vc_column column_padding=&#8221;no-extra-padding&#8221; column_padding_tablet=&#8221;inherit&#8221; column_padding_phone=&#8221;inherit&#8221; column_padding_position=&#8221;all&#8221; column_element_spacing=&#8221;default&#8221; background_color_opacity=&#8221;1&#8243; background_hover_color_opacity=&#8221;1&#8243; column_shadow=&#8221;none&#8221; column_border_radius=&#8221;none&#8221; column_link_target=&#8221;_self&#8221; column_position=&#8221;default&#8221; gradient_direction=&#8221;left_to_right&#8221; overlay_strength=&#8221;0.3&#8243;&#8230;<\/p>\n","protected":false},"author":5,"featured_media":0,"parent":0,"menu_order":0,"comment_status":"closed","ping_status":"closed","template":"","meta":{"footnotes":""},"class_list":["post-5113","page","type-page","status-publish"],"_links":{"self":[{"href":"https:\/\/intlaw.eu\/it\/wp-json\/wp\/v2\/pages\/5113","targetHints":{"allow":["GET"]}}],"collection":[{"href":"https:\/\/intlaw.eu\/it\/wp-json\/wp\/v2\/pages"}],"about":[{"href":"https:\/\/intlaw.eu\/it\/wp-json\/wp\/v2\/types\/page"}],"author":[{"embeddable":true,"href":"https:\/\/intlaw.eu\/it\/wp-json\/wp\/v2\/users\/5"}],"replies":[{"embeddable":true,"href":"https:\/\/intlaw.eu\/it\/wp-json\/wp\/v2\/comments?post=5113"}],"version-history":[{"count":2,"href":"https:\/\/intlaw.eu\/it\/wp-json\/wp\/v2\/pages\/5113\/revisions"}],"predecessor-version":[{"id":5115,"href":"https:\/\/intlaw.eu\/it\/wp-json\/wp\/v2\/pages\/5113\/revisions\/5115"}],"wp:attachment":[{"href":"https:\/\/intlaw.eu\/it\/wp-json\/wp\/v2\/media?parent=5113"}],"curies":[{"name":"wp","href":"https:\/\/api.w.org\/{rel}","templated":true}]}}