{"id":5098,"date":"2020-09-22T19:45:50","date_gmt":"2020-09-22T18:45:50","guid":{"rendered":"https:\/\/intlaw.eu\/riccardo-ciullo\/"},"modified":"2026-03-13T06:46:11","modified_gmt":"2026-03-13T05:46:11","slug":"riccardo-ciullo","status":"publish","type":"page","link":"https:\/\/intlaw.eu\/es\/riccardo-ciullo\/","title":{"rendered":"Riccardo Ciullo"},"content":{"rendered":"[vc_row type=\u00bbin_container\u00bb full_screen_row_position=\u00bbmiddle\u00bb column_margin=\u00bbdefault\u00bb column_direction=\u00bbdefault\u00bb column_direction_tablet=\u00bbdefault\u00bb column_direction_phone=\u00bbdefault\u00bb scene_position=\u00bbcenter\u00bb text_color=\u00bbdark\u00bb text_align=\u00bbleft\u00bb row_border_radius=\u00bbnone\u00bb row_border_radius_applies=\u00bbbg\u00bb overflow=\u00bbvisible\u00bb overlay_strength=\u00bb0.3&#8243; gradient_direction=\u00bbleft_to_right\u00bb shape_divider_position=\u00bbbottom\u00bb bg_image_animation=\u00bbnone\u00bb shape_type=\u00bb\u00bb][vc_column column_padding=\u00bbno-extra-padding\u00bb column_padding_tablet=\u00bbinherit\u00bb column_padding_phone=\u00bbinherit\u00bb column_padding_position=\u00bball\u00bb column_element_spacing=\u00bbdefault\u00bb background_color_opacity=\u00bb1&#8243; background_hover_color_opacity=\u00bb1&#8243; column_shadow=\u00bbnone\u00bb column_border_radius=\u00bbnone\u00bb column_link_target=\u00bb_self\u00bb column_position=\u00bbdefault\u00bb gradient_direction=\u00bbleft_to_right\u00bb overlay_strength=\u00bb0.3&#8243; width=\u00bb1\/1&#8243; tablet_width_inherit=\u00bbdefault\u00bb tablet_text_alignment=\u00bbdefault\u00bb phone_text_alignment=\u00bbdefault\u00bb animation_type=\u00bbdefault\u00bb bg_image_animation=\u00bbnone\u00bb border_type=\u00bbsimple\u00bb column_border_width=\u00bbnone\u00bb column_border_style=\u00bbsolid\u00bb][vc_custom_heading text=\u00bbRICCARDO CIULLO (Abogado)\u00bb font_container=\u00bbtag:h4|text_align:left|color:%231f360f\u00bb use_theme_fonts=\u00bbyes\u00bb][divider line_type=\u00bbSmall Line\u00bb line_alignment=\u00bbdefault\u00bb line_thickness=\u00bb2&#8243; divider_color=\u00bbaccent-color\u00bb animate=\u00bbyes\u00bb custom_line_width=\u00bb60&#8243;][\/vc_column][\/vc_row][vc_row type=\u00bbfull_width_background\u00bb full_screen_row_position=\u00bbmiddle\u00bb column_margin=\u00bb50px\u00bb column_direction=\u00bbdefault\u00bb column_direction_tablet=\u00bbdefault\u00bb column_direction_phone=\u00bbdefault\u00bb scene_position=\u00bbcenter\u00bb top_padding=\u00bb0&#8243; bottom_padding=\u00bb5%\u00bb text_color=\u00bbdark\u00bb text_align=\u00bbleft\u00bb row_border_radius=\u00bbnone\u00bb row_border_radius_applies=\u00bbbg\u00bb overflow=\u00bbvisible\u00bb id=\u00bbabout\u00bb overlay_strength=\u00bb0.3&#8243; gradient_direction=\u00bbleft_to_right\u00bb shape_divider_position=\u00bbbottom\u00bb bg_image_animation=\u00bbnone\u00bb shape_type=\u00bb\u00bb][vc_column column_padding=\u00bbno-extra-padding\u00bb column_padding_tablet=\u00bbinherit\u00bb column_padding_phone=\u00bbinherit\u00bb column_padding_position=\u00bball\u00bb column_element_spacing=\u00bbdefault\u00bb background_color_opacity=\u00bb1&#8243; background_hover_color_opacity=\u00bb1&#8243; column_shadow=\u00bbnone\u00bb column_border_radius=\u00bbnone\u00bb column_link_target=\u00bb_self\u00bb column_position=\u00bbdefault\u00bb boxed=\u00bbtrue\u00bb gradient_direction=\u00bbleft_to_right\u00bb overlay_strength=\u00bb0.3&#8243; width=\u00bb2\/5&#8243; tablet_width_inherit=\u00bbdefault\u00bb tablet_text_alignment=\u00bbdefault\u00bb phone_text_alignment=\u00bbdefault\u00bb animation_type=\u00bbdefault\u00bb bg_image_animation=\u00bbnone\u00bb border_type=\u00bbsimple\u00bb column_border_width=\u00bbnone\u00bb column_border_style=\u00bbsolid\u00bb][image_with_animation image_url=\u00bb3936&#8243; image_size=\u00bbfull\u00bb animation_type=\u00bbentrance\u00bb animation=\u00bbFade In\u00bb hover_animation=\u00bbnone\u00bb alignment=\u00bb\u00bb border_radius=\u00bbnone\u00bb box_shadow=\u00bbnone\u00bb image_loading=\u00bbdefault\u00bb max_width=\u00bb100%\u00bb max_width_mobile=\u00bbdefault\u00bb][split_line_heading animation_type=\u00bbline-reveal-by-space\u00bb font_style=\u00bbh5&#8243; text_color=\u00bb#0a0a0a\u00bb line_reveal_by_space_text_effect=\u00bbdefault\u00bb content_alignment=\u00bbdefault\u00bb mobile_content_alignment=\u00bbinherit\u00bb link_target=\u00bb_self\u00bb text_content=\u00bbRICCARDO CIULLO (SOCIO)\u00bb max_width=\u00bb450&#8243;][\/split_line_heading][vc_column_text css=\u00bb.vc_custom_1604351429798{padding-top: 0px !important;}\u00bb]Correo: rc@intlaw.eu<br \/>N\u00famero telef\u00f3nico: +34 931 125 423<br \/><a href=\"https:\/\/www.linkedin.com\/in\/euipolawyer\/\" rel=\"nofollow noopener\" target=\"_blank\"> \u00danase a mi red de LinkedIn<\/a>[\/vc_column_text][vc_column_text]\n<h5>Desks:<\/h5>\n<p>Espa\u00f1a; <a href=\"\/es\/desk-de-italia\/\">Desk de Italia<\/a><\/p>\n<h5>\u00c1reas de pr\u00e1ctica:<\/h5>\n<p><a href=\"\/es\/derecho-internacional-en-materia-de-propiedad-intelectual-y-tecnologias-de-la-informacion\/\"> Derecho de la Propiedad Intelectual<\/a>, <a href=\"\/es\/derecho-internacional-en-materia-de-propiedad-intelectual-y-tecnologias-de-la-informacion\/\">Derecho de la Propiedad Industrial<\/a>, <a href=\"\/es\/derecho-internacional-en-materia-de-propiedad-intelectual-y-tecnologias-de-la-informacion\/\">Derecho del Software<\/a>, <a href=\"\/es\/derecho-internacional-en-materia-de-propiedad-intelectual-y-tecnologias-de-la-informacion\/\">de las Tecnolog\u00edas de la Informaci\u00f3n (TI) y del Comercio Electr\u00f3nico<\/a>, <a href=\"\/es\/proteccion-internacional-de-datos\/\">Protecci\u00f3n de Datos Personales<\/a><\/p>\n<h5>Idiomas:<\/h5>\n<p>Espa\u00f1ol, italiano, ingl\u00e9s, catal\u00e1n<\/p>\n<h5>Poder del ejercicio:<\/h5>\n<p>Todos los Tribunales espa\u00f1oles; todos los Tribunales italianos[\/vc_column_text][\/vc_column][vc_column column_padding=\u00bbpadding-2-percent\u00bb column_padding_tablet=\u00bbinherit\u00bb column_padding_phone=\u00bbinherit\u00bb column_padding_position=\u00bbleft-right\u00bb column_element_spacing=\u00bbdefault\u00bb background_color_opacity=\u00bb1&#8243; background_hover_color_opacity=\u00bb1&#8243; column_shadow=\u00bbnone\u00bb column_border_radius=\u00bbnone\u00bb column_link_target=\u00bb_self\u00bb column_position=\u00bbdefault\u00bb gradient_direction=\u00bbleft_to_right\u00bb overlay_strength=\u00bb0.3&#8243; width=\u00bb3\/5&#8243; tablet_width_inherit=\u00bbdefault\u00bb tablet_text_alignment=\u00bbdefault\u00bb phone_text_alignment=\u00bbdefault\u00bb animation_type=\u00bbdefault\u00bb bg_image_animation=\u00bbnone\u00bb border_type=\u00bbsimple\u00bb column_border_width=\u00bbnone\u00bb column_border_style=\u00bbsolid\u00bb][vc_row_inner column_margin=\u00bbdefault\u00bb column_direction=\u00bbdefault\u00bb column_direction_tablet=\u00bbdefault\u00bb column_direction_phone=\u00bbdefault\u00bb text_align=\u00bbleft\u00bb row_position=\u00bbdefault\u00bb row_position_tablet=\u00bbinherit\u00bb row_position_phone=\u00bbinherit\u00bb overflow=\u00bbvisible\u00bb pointer_events=\u00bball\u00bb][vc_column_inner column_padding=\u00bbpadding-2-percent\u00bb column_padding_tablet=\u00bbinherit\u00bb column_padding_phone=\u00bbinherit\u00bb column_padding_position=\u00bbtop\u00bb column_element_spacing=\u00bbdefault\u00bb background_color_opacity=\u00bb1&#8243; background_hover_color_opacity=\u00bb1&#8243; column_shadow=\u00bbnone\u00bb column_border_radius=\u00bbnone\u00bb column_link_target=\u00bb_self\u00bb gradient_direction=\u00bbleft_to_right\u00bb overlay_strength=\u00bb0.3&#8243; width=\u00bb1\/1&#8243; tablet_width_inherit=\u00bbdefault\u00bb animation_type=\u00bbdefault\u00bb enable_animation=\u00bbtrue\u00bb animation=\u00bbfade-in-from-bottom\u00bb bg_image_animation=\u00bbnone\u00bb border_type=\u00bbsimple\u00bb column_border_width=\u00bbnone\u00bb column_border_style=\u00bbsolid\u00bb][vc_column_text max_width=\u00bb800&#8243;]Riccardo Ciullo es Socio de Intlaw y director del departamento de IP\/IT (Propiedad Intelectual y Tecnolog\u00edas de la Informaci\u00f3n). Cuenta con casi 15 a\u00f1os de experiencia en el \u00e1mbito del Derecho de Marcas y Dise\u00f1os de la Uni\u00f3n Europea, adquirida a lo largo de su trayectoria profesional en dos de las firmas de propiedad intelectual m\u00e1s prestigiosas a nivel mundial.<\/p>\n<p>Tras licenciarse en Derecho en Italia y cursar un M\u00e1ster en Alicante, el coraz\u00f3n de la propiedad intelectual en Europa, el Sr. Ciullo realiz\u00f3 pr\u00e1cticas en Nueva York, donde desarroll\u00f3 un gran inter\u00e9s por el marco jur\u00eddico de la PI en los Estados Unidos. Asimismo, defini\u00f3 la estructura del departamento jur\u00eddico de una firma de servicios de investigaci\u00f3n con sede en Manhattan, que presta servicios a las comunidades financiera, corporativa y legal en todo el mundo.<\/p>\n<p>En el oto\u00f1o de 2005, regres\u00f3 a Italia para ejercer la abogac\u00eda antes de ser seleccionado por el Ministerio de Asuntos Exteriores italiano para trabajar como consultor de PI en Ginebra, en la Misi\u00f3n Permanente de Italia ante las Naciones Unidas y la OMC. Durante este proyecto, asisti\u00f3 a negociaciones internacionales en la OMPI y la OMC representando a Italia, bajo la supervisi\u00f3n del delegado italiano para asuntos de propiedad intelectual. Gracias a este conocimiento especializado adquirido en el desarrollo del marco normativo internacional de la PI, el Sr. Ciullo representa un activo de gran valor para sus clientes.<\/p>\n<p>Tras su experiencia en Ginebra, continu\u00f3 su especializaci\u00f3n profesional en la prestigiosa Universidad de Alicante, donde obtuvo un M\u00e1ster (LLM) en Propiedad Intelectual y Sociedad de la Informaci\u00f3n. Al finalizar sus estudios, el Sr. Ciullo se incorpor\u00f3 a Hogan Lovells Alicante en 2007 como especialista en Marcas de la Uni\u00f3n Europea. En 2008, fue reclutado por Baker &amp; McKenzie para integrarse en su oficina de Barcelona como codirector del departamento de IP Prosecution.<\/p>\n<p>Es miembro del comit\u00e9 de Marcas No Tradicionales de la International Trademark Association (INTA), miembro de la Licensing Executives Society (LES) y del Ilustre Colegio de la Abogac\u00eda de Barcelona (ICAB). Asimismo, es profesor del M\u00e1ster en Executive Compliance organizado por el ISDE y presidente del cap\u00edtulo espa\u00f1ol de antiguos alumnos de la Fordham School of Law.<\/p>\n<p>El liderazgo del Sr. Ciullo nace de una profunda comprensi\u00f3n sobre c\u00f3mo gestionar una pr\u00e1ctica de Propiedad Intelectual de primer nivel, ofreciendo una alternativa personalizada y m\u00e1s rentable frente a las grandes firmas internacionales. Posee un conocimiento \u00fanico y especializado, con un enfoque distintivo en marcas y dise\u00f1os comunitarios. Su amplia trayectoria internacional le permite aportar un enfoque multicultural al Derecho de la PI, asesorando tanto a empresas internacionales que buscan servicios legales en materia de Marcas y Dise\u00f1os Europeos, como brindando apoyo experto a startups de base tecnol\u00f3gica.<\/p>\n<h5>CALIFICACIONES Y ASOCIACIONES PROFESIONALES<\/h5>\n<ul>\n<li>Barcelona Bar Association \u2013 ICAB (Ilustre Colegio de la Abogac\u00eda de Barcelona)<\/li>\n<\/ul>\n<h5>EDUCACI\u00d3N<\/h5>\n<ul>\n<li>Law Degree, University of Naples Federico II.<\/li>\n<li>Licenciatura en Derecho, Universidad de Castilla-La Mancha<\/li>\n<li>M\u00e1ster Universitario en Propiedad Intelectual y Sociedad de la Informaci\u00f3n, Universidad de Alicante<\/li>\n<li>Programa intensivo de Derecho de la Moda, Facultad de Derecho de la Universidad de Fordham<\/li>\n<li>Programa en Derecho y Contratos Digitales, IE University<\/li>\n<\/ul>\n[\/vc_column_text][\/vc_column_inner][\/vc_row_inner][\/vc_column][\/vc_row]\n","protected":false},"excerpt":{"rendered":"<p>[vc_row type=\u00bbin_container\u00bb full_screen_row_position=\u00bbmiddle\u00bb column_margin=\u00bbdefault\u00bb column_direction=\u00bbdefault\u00bb column_direction_tablet=\u00bbdefault\u00bb column_direction_phone=\u00bbdefault\u00bb scene_position=\u00bbcenter\u00bb text_color=\u00bbdark\u00bb text_align=\u00bbleft\u00bb row_border_radius=\u00bbnone\u00bb row_border_radius_applies=\u00bbbg\u00bb overflow=\u00bbvisible\u00bb overlay_strength=\u00bb0.3&#8243; gradient_direction=\u00bbleft_to_right\u00bb shape_divider_position=\u00bbbottom\u00bb bg_image_animation=\u00bbnone\u00bb shape_type=\u00bb\u00bb][vc_column column_padding=\u00bbno-extra-padding\u00bb column_padding_tablet=\u00bbinherit\u00bb column_padding_phone=\u00bbinherit\u00bb column_padding_position=\u00bball\u00bb column_element_spacing=\u00bbdefault\u00bb background_color_opacity=\u00bb1&#8243; background_hover_color_opacity=\u00bb1&#8243; column_shadow=\u00bbnone\u00bb column_border_radius=\u00bbnone\u00bb column_link_target=\u00bb_self\u00bb column_position=\u00bbdefault\u00bb gradient_direction=\u00bbleft_to_right\u00bb&#8230;<\/p>\n","protected":false},"author":1,"featured_media":0,"parent":0,"menu_order":0,"comment_status":"closed","ping_status":"closed","template":"","meta":{"footnotes":""},"class_list":["post-5098","page","type-page","status-publish"],"_links":{"self":[{"href":"https:\/\/intlaw.eu\/es\/wp-json\/wp\/v2\/pages\/5098","targetHints":{"allow":["GET"]}}],"collection":[{"href":"https:\/\/intlaw.eu\/es\/wp-json\/wp\/v2\/pages"}],"about":[{"href":"https:\/\/intlaw.eu\/es\/wp-json\/wp\/v2\/types\/page"}],"author":[{"embeddable":true,"href":"https:\/\/intlaw.eu\/es\/wp-json\/wp\/v2\/users\/1"}],"replies":[{"embeddable":true,"href":"https:\/\/intlaw.eu\/es\/wp-json\/wp\/v2\/comments?post=5098"}],"version-history":[{"count":2,"href":"https:\/\/intlaw.eu\/es\/wp-json\/wp\/v2\/pages\/5098\/revisions"}],"predecessor-version":[{"id":5100,"href":"https:\/\/intlaw.eu\/es\/wp-json\/wp\/v2\/pages\/5098\/revisions\/5100"}],"wp:attachment":[{"href":"https:\/\/intlaw.eu\/es\/wp-json\/wp\/v2\/media?parent=5098"}],"curies":[{"name":"wp","href":"https:\/\/api.w.org\/{rel}","templated":true}]}}